{"id":447,"date":"2021-01-04T23:15:39","date_gmt":"2021-01-04T23:15:39","guid":{"rendered":"http:\/\/bullivant.wpengine.com\/?page_id=447"},"modified":"2021-11-16T10:29:58","modified_gmt":"2021-11-16T18:29:58","slug":"privacy-policy","status":"publish","type":"page","link":"https:\/\/studioactiv8.com\/bullivant\/privacy-policy\/","title":{"rendered":"Privacy Policy"},"content":{"rendered":"<div class=\"wpb-content-wrapper\">[vc_row][vc_column]<div class=\"vcex-spacing wpex-w-100 wpex-clear\" style=\"height:76px;\"><\/div><h1 class=\"vcex-heading vcex-heading-plain vcex-module wpex-heading wpex-text-2xl wpex-h1 wpex-text-center\"><span class=\"vcex-heading-inner wpex-inline-block\">PRIVACY POLICY<\/span><\/h1>[\/vc_column][\/vc_row][vc_row remove_bottom_col_margin=&#8221;true&#8221;][vc_column width=&#8221;1\/6&#8243;][\/vc_column][vc_column width=&#8221;2\/3&#8243;][vc_column_text]<strong>General Data Protection Regulation (GDPR)<\/strong><br \/>\n<strong>Notice of Privacy Policy<\/strong><\/p>\n<p>Bullivant Houser Bailey PC (\u201cBullivant\u201d, \u201cwe\u201d, or \u201cus\u201d) is committed to processing personal data held by Bullivant in connection with that European Union resident or citizen in accordance with its responsibilities under the General Data Protection Regulation of the European Union (\u201cGDPR\u201d).<span class=\"Apple-converted-space\">\u00a0 <\/span>This privacy policy (\u201cPolicy\u201d) will explain how Bullivant uses the personal data we collect related to our:<\/p>\n<ul>\n<li>website and the services available through our website (together, our &#8220;Website&#8221;);<\/li>\n<li>mobile apps (\u201cApps\u201d) and social media;<\/li>\n<li>events, marketing, and business development activities;<\/li>\n<li>business communications and other online and offline business interactions;<span class=\"Apple-converted-space\">\u00a0 <\/span>and,<\/li>\n<li>legal and professional services.<\/li>\n<\/ul>\n<p>This Policy does not apply to the practices of companies that Bullivant does not own or control, or to people that Bullivant does not employ or manage.<\/p>\n<p><strong>Topics<\/strong><\/p>\n<ul>\n<li>What data do we collect?<\/li>\n<li>How do we collect your data?<\/li>\n<li>How will we use your data?<\/li>\n<li>Sharing your data<\/li>\n<li>How do we store your data?<\/li>\n<li>Marketing<\/li>\n<li>What are your data protection rights?<\/li>\n<li>What are cookies?<\/li>\n<li>How do we use cookies?<\/li>\n<li>What types of cookies do we use?<\/li>\n<li>How to manage your cookies<\/li>\n<li>Privacy policies of other websites<\/li>\n<li>Changes to our privacy policy<\/li>\n<li>How to contact us<\/li>\n<li>How to contact the appropriate authorities<\/li>\n<\/ul>\n<p><strong>What data do we collect?<\/strong><\/p>\n<p>Bullivant may collect personal information in the course of our business, including through your use of our Website, when you contact us or request information from us, when you engage our services, or as a result of your relationship with one or more of our staff and clients. When we require personal information from you to fulfill a statutory or contractual requirement, or where such information is necessary to enter into a contract or is otherwise an obligation, we will notify you and indicate the consequences of failing to do so.<\/p>\n<p><strong>How do we collect your data?<\/strong><\/p>\n<p>If you communicate with us through our Website or related website, we may collect the following personal information:<\/p>\n<ul>\n<li>Your name, job title and company.<\/li>\n<\/ul>\n<ul>\n<li>Contact information for you, including the company you work for and email address.<\/li>\n<li>Demographic information, such as your address, preferences, and interests.<\/li>\n<li>Other information relevant to the provision of our services.<\/li>\n<\/ul>\n<p>From individuals who are clients and prospective clients, or are representatives of clients and prospective clients, we may collect the following personal information:<\/p>\n<ul>\n<li>Your name, the client, the name of the company you work for (if different) and your job title.<\/li>\n<li>Contact information for you, the client, and the company you work for (if different), including address, phone number, facsimile number, and email address.<\/li>\n<li>Payment information (including bank account and wire details), billing instructions and preferences (including to whom to direct invoices).<span class=\"Apple-converted-space\">\u00a0<\/span><\/li>\n<li>Relevant information so that we may perform conflicts of interest checks.<\/li>\n<li>Relevant information as required by regulatory Know Your Client and\/or Anti Money Laundering regulations and as part of our client intake procedures. This may possibly include evidence of source of funds, at the outset of and possibly from time to time throughout our relationship with clients, which we may request and obtain from Thirdparty sources. The sources for such verification may include documentation, which we request from the client or prospective client or through the use of online or public sources or both.<\/li>\n<li>Information you provide to us for the purposes of attending meetings and events, including dietary requirements, which may reveal information about your health or religious beliefs.<\/li>\n<li>Information that you provide to us as part of the provision of our services to you, which depends on the nature of your engagement with Bullivant.<\/li>\n<li>Other information relevant to the provision of our services.<\/li>\n<\/ul>\n<p>As part of our engagement with clients, Bullivant may receive personal information about individuals relating to:<\/p>\n<ul>\n<li>Officers, representatives and personnel of our clients or prospective clients, as well as their affiliated and related entities.<\/li>\n<li>Adverse parties in a matter or potential matter, such as claimants, plaintiffs, defendants, and other adverse parties.<\/li>\n<li>Related parties in a matter or potential matter.<\/li>\n<li>Vendors and suppliers of our clients or prospective clients.<\/li>\n<li>Current and former legal advisors, consultants, and other professional advisors of our clients or prospective clients.<\/li>\n<li>Government and law enforcement entities and their representatives.<\/li>\n<\/ul>\n<p>If you are an individual whose personal information is processed by Bullivant as a result of providing our services to a client, we will notify you of your data protection rights.<\/p>\n<p>Bullivant may also need to process personal information in relation to other Thirdparties instructed either by our clients or other persons or companies involved in providing services to our client (e.g., other law firms, experts, etc.).<\/p>\n<p>These examples are non-exhaustive, which is reflective of the varied nature of the personal information we process as part of a law firm providing legal services.<\/p>\n<p><strong>How will we use your data?<\/strong><\/p>\n<p>Bullivant collects your data so that we can provide legal advice and related services.<\/p>\n<p><strong>Sharing your data<\/strong><\/p>\n<p>Bullivant may share your data with a variety of the following categories, as necessary:<\/p>\n<ul>\n<li>Our professionals assisting in your matter or a client matter, such as lawyers, paralegals, legal assistants, records managers, and accountants.<\/li>\n<\/ul>\n<ul>\n<li>Government and regulatory authorities.<\/li>\n<li>Professional indemnity insurers.<\/li>\n<li>Regulators, tax authorities, and corporate registries.<\/li>\n<li>Outsource services, such as document processing and translation services, secure waste disposal, IT systems providers, IT support providers, and document and information storage providers.<\/li>\n<li>Thirdparties engaged in connection with our services, such as counsel, arbitrators, mediators, clerks, witnesses, court reporters, court, opposing party and their lawyers, document review platforms, and matter experts.<\/li>\n<li>Thirdparty service providers to assist us with data analytics.<\/li>\n<li>Thirdparty postal or courier providers who assist us in delivering documents related to a matter or marketing materials.<\/li>\n<\/ul>\n<p><strong>How do we store your data?<\/strong><\/p>\n<p>Bullivant has implemented appropriate information security policies and technical measures to protect your data from loss or misuse, unauthorized access, improper use or disclosure, alteration, destruction, or accidental loss.<span class=\"Apple-converted-space\">\u00a0 <\/span>All of our partners, employees, consultants, and contractors are obliged to respect the confidentiality of your data.<\/p>\n<p>Your data is securely stored in our offices and data centers in the United States of America. Bullivant will keep your data in accordance with our Document Retention Policy:<\/p>\n<p>Once the retention period has expired, we will securely destroy your data.<\/p>\n<p><strong>Marketing<\/strong><\/p>\n<p>Bullivant may send you information about products and services of ours that we think you might like.<\/p>\n<p>You have the right at any time to stop Bullivant from contacting you for marketing purposes or giving your data to other members of the Bullivant Group.<\/p>\n<p>If you no longer wish to be contacted for marketing purposes, please contact us:<\/p>\n<ul>\n<li>Email:\n<ul>\n<li>gdpr-inquiries@bullivant.com<\/li>\n<\/ul>\n<\/li>\n<li>Telephone:\n<ul>\n<li>California:<span class=\"Apple-converted-space\">\u00a0 <\/span>+1.415.352.2700<\/li>\n<li>Oregon:<span class=\"Apple-converted-space\">\u00a0 <\/span>+1.503.228.6351<\/li>\n<li>Washington:<span class=\"Apple-converted-space\">\u00a0 <\/span>+1.206.292.8930<\/li>\n<li>Toll Free:<span class=\"Apple-converted-space\">\u00a0 <\/span>+1.800.654.8972<\/li>\n<\/ul>\n<\/li>\n<li>Postal Service:\n<ul>\n<li>California:<span class=\"Apple-converted-space\">\u00a0 <\/span>Bullivant Houser, 101 Montgomery Street, Suite 2600, San Francisco, CA 94104<\/li>\n<li>Oregon:<span class=\"Apple-converted-space\">\u00a0 <\/span>Bullivant Houser, One SW Columbia Street, Suite 800, Portland, OR 97204<\/li>\n<li>Washington:<span class=\"Apple-converted-space\">\u00a0 <\/span>Bullivant Houser, 925 Fourth Avenue, Suite 3800, Seattle, WA 98104<\/li>\n<\/ul>\n<\/li>\n<\/ul>\n<p><strong>What are your data protection rights?<\/strong><\/p>\n<p>Bullivant would like to make sure you are fully aware of all of your data protection rights.<\/p>\n<p>Every user is entitled to the following:<\/p>\n<ul>\n<li><strong>Right to Access <\/strong>&#8211; You have the right to request Bullivant for copies of your personal data. We may charge you a small fee for this service.<\/li>\n<li><strong>Right to Rectification <\/strong>&#8211; You have the right to request that Bullivant correct any information you believe is inaccurate. You also have the right to request Bullivant to complete information you believe is incomplete.<\/li>\n<li><strong>Right to Erasure <\/strong>&#8211; You have the right to request that Bullivant erase your personal data, under certain conditions.<\/li>\n<li><strong>Right to Restrict Processing <\/strong>&#8211; You have the right to request that Bullivant restrict the processing of your personal data, under certain conditions.<\/li>\n<li><strong>Right to Object to Processing <\/strong>&#8211; You have the right to object to Bullivant&#8217;s processing of your personal data, under certain conditions.<\/li>\n<li><strong>Right to Data Portability <\/strong>&#8211; You have the right to request that Bullivant transfer the data that we have collected to another organization, or directly to you, under certain conditions.<\/li>\n<\/ul>\n<p>If you make a request, we have one month to respond to you.<\/p>\n<p>If you would like to exercise any of these rights, please contact us:<\/p>\n<ul>\n<li>Email:\n<ul>\n<li>gdpr-inquiries@bullivant.com<\/li>\n<\/ul>\n<\/li>\n<li>Telephone:\n<ul>\n<li>California:<span class=\"Apple-converted-space\">\u00a0 <\/span>+1.415.352.2700<\/li>\n<li>Oregon:<span class=\"Apple-converted-space\">\u00a0 <\/span>+1.503.228.6351<\/li>\n<li>Washington:<span class=\"Apple-converted-space\">\u00a0 <\/span>+1.206.292.8930<\/li>\n<li>Toll Free:<span class=\"Apple-converted-space\">\u00a0 <\/span>+1.800.654.8972<\/li>\n<\/ul>\n<\/li>\n<li>Postal Service:\n<ul>\n<li>California:<span class=\"Apple-converted-space\">\u00a0 <\/span>Bullivant Houser, 101 Montgomery Street, Suite 2600, San Francisco, CA 94104<\/li>\n<li>Oregon:<span class=\"Apple-converted-space\">\u00a0 <\/span>Bullivant Houser, One SW Columbia Street, Suite 800, Portland, OR 97204<\/li>\n<li>Washington:<span class=\"Apple-converted-space\">\u00a0 <\/span>Bullivant Houser, 925 Fourth Avenue, Suite 3800, Seattle, WA 98104<\/li>\n<\/ul>\n<\/li>\n<\/ul>\n<p><strong>What are cookies?<\/strong><\/p>\n<p>Cookies are text files placed on your computer to collect standard Internet log information and visitor behavior information. When you visit our websites, we may collect information from you automatically through cookies or similar technology. For further information, visit allaboutcookies.org.<\/p>\n<p><strong>How do we use cookies?<\/strong><\/p>\n<p>Bullivant uses cookies in a range of ways to improve your experience on our website,<\/p>\n<p>including:<\/p>\n<ul>\n<li>To compile anonymous, aggregated statistics that allow us to understand how users use our Website and to help us improve the structure of our Website.<span class=\"Apple-converted-space\">\u00a0 <\/span>We cannot identify you personally in this way.<\/li>\n<li>To enable personalization features on our Website (which give you the ability to recall recently viewed pages and see information which you have input online).<\/li>\n<\/ul>\n<p><strong>What types of cookies do we use?<\/strong><\/p>\n<p>Also known as browser cookies or tracking cookies, cookies are small, often encrypted text files, located in browser directories. They are used to help you navigate websites efficiently and perform certain functions.<\/p>\n<p>When you visit our Website, we send you a cookie.<span class=\"Apple-converted-space\">\u00a0 <\/span>Bullivant uses two types of cookies on our Website:<\/p>\n<ul>\n<li>session cookies &#8211; which are temporary cookies that remain in the cookie file of your browser until you leave the site;<span class=\"Apple-converted-space\">\u00a0 <\/span>and,<\/li>\n<li>persistent cookies &#8211; which remain in the cookie file of your browser for much longer (though how long will depend on the lifetime of the specific cookie).<\/li>\n<\/ul>\n<p>Bullivant uses cookies in the following ways:<\/p>\n<ul>\n<li>To compile anonymous, aggregated statistics that allow us to understand how users use our Website and to help us improve the structure of our Website.<span class=\"Apple-converted-space\">\u00a0 <\/span>We cannot identify you personally in this way.<\/li>\n<li>To enable personalization features on our Website (which give you the ability to recall recently viewed pages and see information which you have input online).<\/li>\n<\/ul>\n<p><strong>How to manage cookies<\/strong><\/p>\n<p>You can set your browser not to accept cookies, and allaboutcookies.org tells you how to remove cookies from your browser. However, in a few cases, some of our website features may not function as a result.<\/p>\n<p><strong>Privacy policies of other websites<\/strong><\/p>\n<p>The Bullivant website contains links to other websites. Our privacy policy applies only to<\/p>\n<p>our website, so if you click on a link to another website, you should read their privacy policy.<\/p>\n<p><strong>Changes to our privacy policy<\/strong><\/p>\n<p>Bullivant keeps its privacy policy under regular review and places any updates on this web page. This privacy policy was last updated on August 1, 2021.<\/p>\n<p><strong>How to contact us<\/strong><\/p>\n<p>If you have any questions about Bullivant&#8217;s privacy policy, the data we hold on you, or you would like to exercise one of your data protection rights, please do not hesitate to contact us:<\/p>\n<ul>\n<li>Email:\n<ul>\n<li>gdpr-inquiries@bullivant.com<\/li>\n<\/ul>\n<\/li>\n<li>Telephone:\n<ul>\n<li>California:<span class=\"Apple-converted-space\">\u00a0 <\/span>+1.415.352.2700<\/li>\n<li>Oregon:<span class=\"Apple-converted-space\">\u00a0 <\/span>+1.503.228.6351<\/li>\n<li>Washington:<span class=\"Apple-converted-space\">\u00a0 <\/span>+1.206.292.8930<\/li>\n<li>Toll Free:<span class=\"Apple-converted-space\">\u00a0 <\/span>+1.800.654.8972<\/li>\n<\/ul>\n<\/li>\n<li>Postal Service:\n<ul>\n<li>California:<span class=\"Apple-converted-space\">\u00a0 <\/span>Bullivant Houser, 101 Montgomery Street, Suite 2600, San Francisco, CA 94104<\/li>\n<li>Oregon:<span class=\"Apple-converted-space\">\u00a0 <\/span>Bullivant Houser, One SW Columbia Street, Suite 800, Portland, OR 97204<\/li>\n<li>Washington:<span class=\"Apple-converted-space\">\u00a0 <\/span>Bullivant Houser, 925 Fourth Avenue, Suite 3800, Seattle, WA 98104<\/li>\n<\/ul>\n<\/li>\n<\/ul>\n<p><strong>How to contact the appropriate authority<\/strong><\/p>\n<p>Should you wish to report a complaint or if you feel that Bullivant has not addressed your concern in a satisfactory manner, you may contact the Information Commissioner&#8217;s Office:<\/p>\n<ul>\n<li>Live Chat:<span class=\"Apple-converted-space\">\u00a0 <\/span>https:\/\/ico.org.uk\/global\/contact-us\/live-chat\/<\/li>\n<li>Telephone:<span class=\"Apple-converted-space\">\u00a0 <\/span>0303 123 1113<\/li>\n<li>Postal Service:<span class=\"Apple-converted-space\">\u00a0 <\/span>Information Commissioner&#8217;s Office, Wycliffe House, Water Lane, Wilmslow, Cheshire SK9 5AF<\/li>\n<\/ul>\n<p>Other data protection authorities in the EU Economic Area (as of 15 October 2020):<\/p>\n<ul>\n<li>Austria:<span class=\"Apple-converted-space\">\u00a0 <\/span>Austrian Data Protection Authority \/ Datenschutzbeh\u00f6rde<\/li>\n<li>Belgium:<span class=\"Apple-converted-space\">\u00a0 <\/span>Belgian Data Protection Authority \/ Gegevensbeschermingsautoriteit (GBA) \/ Autorit\u00e9 de protection des donn\u00e9es (APD)<\/li>\n<li>Bulgaria:<span class=\"Apple-converted-space\">\u00a0 <\/span>Bulgarian Data Protection Authority \/ \u041a\u043e\u043c\u0438\u0441\u0438\u044f \u0437\u0430 \u0437\u0430\u0449\u0438\u0442\u0430 \u043d\u0430 \u043b\u0438\u0447\u043d\u0438\u0442\u0435 \u0434\u0430\u043d\u043d\u0438<\/li>\n<li>Cyprus:<span class=\"Apple-converted-space\">\u00a0 <\/span>Office of the Commissioner for Personal Data Protection \/ \u0393\u03c1\u03b1\u03c6\u03b5\u03af\u03bf \u0395\u03c0\u03b9\u03c4\u03c1\u03cc\u03c0\u03bf\u03c5 \u03a0\u03c1\u03bf\u03c3\u03c4\u03b1\u03c3\u03af\u03b1\u03c2 \u0394\u03b5\u03b4\u03bf\u03bc\u03ad\u03bd\u03c9\u03bd \u03a0\u03c1\u03bf\u03c3\u03c9\u03c0\u03b9\u03ba\u03bf\u03cd \u03a7\u03b1\u03c1\u03b1\u03ba\u03c4\u03ae\u03c1\u03b1<\/li>\n<li>Czech Republic:<span class=\"Apple-converted-space\">\u00a0 <\/span>Office for Personal Data Protection \/ \u00da\u0159ad pro ochranu osobn\u00edch \u00fadaj\u016f (\u00daOO\u00da)<\/li>\n<li>Denmark:<span class=\"Apple-converted-space\">\u00a0 <\/span>Danish Data Protection Agency \/ Datatilsynet<\/li>\n<li>Estonia:<span class=\"Apple-converted-space\">\u00a0 <\/span>Estonian Data Protection Inspectorate \/ Andmekaitse Inspektsioon<\/li>\n<li>Finland:<span class=\"Apple-converted-space\">\u00a0 <\/span>Office of the Data Protection Ombudsman \/ Tietosuojavaltuutetun toimisto<\/li>\n<li>France:<span class=\"Apple-converted-space\">\u00a0 <\/span>National Commission on Informatics and Liberty \/ Commission nationale de l&#8217;informatique et des libert\u00e9s (CNIL)<\/li>\n<li>Germany:<span class=\"Apple-converted-space\">\u00a0 <\/span>Federal Commissioner for Data Protection and Freedom of Information \/ Bundesbeauftragter f\u00fcr den Datenschutz und die Informationsfreiheit (BfDI)<\/li>\n<li>Greece:<span class=\"Apple-converted-space\">\u00a0 <\/span>Hellenic Data Protection Authority \/ \u0391\u03c1\u03c7\u03ae \u03a0\u03c1\u03bf\u03c3\u03c4\u03b1\u03c3\u03af\u03b1\u03c2 \u0394\u03b5\u03b4\u03bf\u03bc\u03ad\u03bd\u03c9\u03bd \u03a0\u03c1\u03bf\u03c3\u03c9\u03c0\u03b9\u03ba\u03bf\u03cd \u03a7\u03b1\u03c1\u03b1\u03ba\u03c4\u03ae\u03c1\u03b1 (HDPA)<\/li>\n<li>Hungary:<span class=\"Apple-converted-space\">\u00a0 <\/span>Hungarian National Authority for Data Protection and Freedom of Information \/ Nemzeti Adatv\u00e9delmi \u00e9s Inform\u00e1ci\u00f3szabads\u00e1g Hat\u00f3s\u00e1g (NAIH)<\/li>\n<li>Iceland:<span class=\"Apple-converted-space\">\u00a0 <\/span>Data Protection Authority (Pers\u00f3nuvernd)<\/li>\n<li>Ireland:<span class=\"Apple-converted-space\">\u00a0 <\/span>Data Protection Commissioner \/ An Coimisin\u00e9ir Cosanta Sonra\u00ed (DPC)<\/li>\n<li>Italy:<span class=\"Apple-converted-space\">\u00a0 <\/span>Italian Data Protection Authority \/ Garante per la Protezione dei Dati Personali (DPA)<\/li>\n<li>Latvia:<span class=\"Apple-converted-space\">\u00a0 <\/span>Data State Inspectorate \/ Datu valsts inspekcija \/ \u0413\u043e\u0441\u0443\u0434\u0430\u0440\u0441\u0442\u0432\u0435\u043d\u043d\u0430\u044f \u0438\u043d\u0441\u043f\u0435\u043a\u0446\u0438\u044f \u0434\u0430\u043d\u043d\u044b\u0445<\/li>\n<li>Liechtenstein:<span class=\"Apple-converted-space\">\u00a0 <\/span>Datenschutzstelle<\/li>\n<li>Lithuania:<span class=\"Apple-converted-space\">\u00a0 <\/span>State Data Protection Inspectorate \/ Valstybin\u0117 duomen\u0173 apsaugos inspekcija (VDAI)<\/li>\n<li>Luxembourg:<span class=\"Apple-converted-space\">\u00a0 <\/span>National Commission for Data Protection \/ Nationale Kommission f\u00fcr den Datenschutz or Commission nationale pour la protection des donn\u00e9es (CNPD)<\/li>\n<li>Malta:<span class=\"Apple-converted-space\">\u00a0 <\/span>Office of the Information and Data Protection Commissioner (IDPC)<\/li>\n<li>Netherlands:<span class=\"Apple-converted-space\">\u00a0 <\/span>Dutch Data Protection Authority \/ Autoriteit Persoonsgegevens (AP)<\/li>\n<li>Norway:<span class=\"Apple-converted-space\">\u00a0 <\/span>Norwegian Data Protection Authority \/ Datatilsynet<\/li>\n<li>Poland:<span class=\"Apple-converted-space\">\u00a0 <\/span>Polish Data Protection Commissioner \/ Urz\u0105d Ochrony Danych Osobowych (UODO)<\/li>\n<li>Portugal:<span class=\"Apple-converted-space\">\u00a0 <\/span>National Commission Data Protection \/ Comiss\u00e3o Nacional de Prote\u00e7\u00e3o de Dados (CNPD \/ NCDP)<\/li>\n<li>Romania:<span class=\"Apple-converted-space\">\u00a0 <\/span>National Authority for the Supervision of Personal Data Processing \/ Autoritatea Na\u0163ional\u0103 de Supraveghere a Prelucr\u0103rii Datelor cu Caracter Personal (ANSPDCP)<\/li>\n<li>Slovakia:<span class=\"Apple-converted-space\">\u00a0 <\/span>Office for Personal Data Protection of the Slovak Republic \/ \u00darad na ochranu osobn\u00fdch \u00fadajov Slovenskej republiky<\/li>\n<li>Slovenia:<span class=\"Apple-converted-space\">\u00a0 <\/span>Information Commissioner of the Republic of Slovenia \/ Republika Slovenija Informacijski poobla\u0161\u010denec<\/li>\n<li>Spain:<span class=\"Apple-converted-space\">\u00a0 <\/span>Spanish Data Protection Agency \/ Agencia Espa\u00f1ola de Protecci\u00f3n de Datos (AEPD)<\/li>\n<li>Andalusia:<span class=\"Apple-converted-space\">\u00a0 <\/span>Transparency and Data Protection Council of Andalusia \/ Consejo de Transparencia y Protecci\u00f3n de Datos de Andaluc\u00eda<\/li>\n<li>Basque Country:<span class=\"Apple-converted-space\">\u00a0 <\/span>Basque Data Protection Authority \/ Datuak Babesteko Euskal Bulegoa \/ Agencia Vasca de Protecci\u00f3n de Datos<\/li>\n<li>Catalonia:<span class=\"Apple-converted-space\">\u00a0 <\/span>Catalan Data Protection Authority \/Autoritat Catalana de Protecci\u00f3 de Dades (APDCAT)<\/li>\n<li>Sweden:<span class=\"Apple-converted-space\">\u00a0 <\/span>Swedish Data Protection Authority \/ Datainspektionen (DPA)<\/li>\n<\/ul>\n[\/vc_column_text][\/vc_column][vc_column width=&#8221;1\/6&#8243;][\/vc_column][\/vc_row][vc_row][vc_column width=&#8221;1\/6&#8243;][\/vc_column][vc_column width=&#8221;2\/3&#8243;]<div class=\"vcex-spacing wpex-w-100 wpex-clear\"><\/div>[vc_column_text]Effective date: Nov 16, 2021[\/vc_column_text][\/vc_column][vc_column width=&#8221;1\/6&#8243;][\/vc_column][\/vc_row][vc_row][vc_column]<div class=\"vcex-spacing wpex-w-100 wpex-clear\" style=\"height:130px;\"><\/div>[\/vc_column][\/vc_row]\n<\/div>","protected":false},"excerpt":{"rendered":"<p>[vc_row][vc_column][\/vc_column][\/vc_row][vc_row remove_bottom_col_margin=&#8221;true&#8221;][vc_column width=&#8221;1\/6&#8243;][\/vc_column][vc_column width=&#8221;2\/3&#8243;][vc_column_text]General Data Protection Regulation (GDPR) Notice of Privacy Policy Bullivant Houser Bailey PC (\u201cBullivant\u201d, \u201cwe\u201d, or \u201cus\u201d) is committed to processing personal data held by Bullivant in connection with that European Union resident or citizen in accordance with its responsibilities under the General Data Protection Regulation of the European Union (\u201cGDPR\u201d).\u00a0 This&hellip;<\/p>\n","protected":false},"author":32,"featured_media":0,"parent":0,"menu_order":0,"comment_status":"closed","ping_status":"closed","template":"","meta":{"nf_dc_page":"","footnotes":""},"class_list":["post-447","page","type-page","status-publish","hentry","entry","no-media"],"_links":{"self":[{"href":"https:\/\/studioactiv8.com\/bullivant\/wp-json\/wp\/v2\/pages\/447","targetHints":{"allow":["GET"]}}],"collection":[{"href":"https:\/\/studioactiv8.com\/bullivant\/wp-json\/wp\/v2\/pages"}],"about":[{"href":"https:\/\/studioactiv8.com\/bullivant\/wp-json\/wp\/v2\/types\/page"}],"author":[{"embeddable":true,"href":"https:\/\/studioactiv8.com\/bullivant\/wp-json\/wp\/v2\/users\/32"}],"replies":[{"embeddable":true,"href":"https:\/\/studioactiv8.com\/bullivant\/wp-json\/wp\/v2\/comments?post=447"}],"version-history":[{"count":0,"href":"https:\/\/studioactiv8.com\/bullivant\/wp-json\/wp\/v2\/pages\/447\/revisions"}],"wp:attachment":[{"href":"https:\/\/studioactiv8.com\/bullivant\/wp-json\/wp\/v2\/media?parent=447"}],"curies":[{"name":"wp","href":"https:\/\/api.w.org\/{rel}","templated":true}]}}